{"id":9352,"date":"2019-06-23T23:26:14","date_gmt":"2019-06-23T23:26:14","guid":{"rendered":"https:\/\/www.agenziarossi.com\/contatti\/"},"modified":"2024-10-21T10:29:56","modified_gmt":"2024-10-21T10:29:56","slug":"kontakte","status":"publish","type":"page","link":"https:\/\/www.agenziarossi.com\/de\/kontakte\/","title":{"rendered":"Kontakte"},"content":{"rendered":"\t\t<div data-elementor-type=\"wp-page\" data-elementor-id=\"9352\" class=\"elementor elementor-9352 elementor-155\" data-elementor-post-type=\"page\">\n\t\t\t\t<div class=\"elementor-element elementor-element-0602ae4 e-flex e-con-boxed e-con e-parent\" data-id=\"0602ae4\" data-element_type=\"container\">\n\t\t\t\t\t<div class=\"e-con-inner\">\n\t\t\t\t<div class=\"elementor-element elementor-element-a464403 elementor-widget elementor-widget-rhea-single-property-map-widget\" data-id=\"a464403\" data-element_type=\"widget\" data-settings=\"{&quot;show_as_infowindow&quot;:&quot;yes&quot;,&quot;location_label&quot;:&quot;Agenzia Rossi &quot;,&quot;address&quot;:&quot;Corso Rovigno, 15, 30021 Duna Verde VE&quot;,&quot;iw_x_offset&quot;:{&quot;unit&quot;:&quot;px&quot;,&quot;size&quot;:&quot;&quot;,&quot;sizes&quot;:[]},&quot;iw_y_offset&quot;:{&quot;unit&quot;:&quot;px&quot;,&quot;size&quot;:&quot;&quot;,&quot;sizes&quot;:[]}}\" data-widget_type=\"rhea-single-property-map-widget.default\">\n\t\t\t\t<div class=\"elementor-widget-container\">\n\t\t\t        <div id=\"rhea-single-property-map-wrapper-a464403\" class=\"rhea-single-property-map-wrapper rhea-single-property-map-fullwidth\" data-clear=rhea-single-property-map-wrapper data-label=Agenzia Rossi  data-lat=45.5663209 data-long=12.8053491 data-zoom=18 data-map-type=open-street-map data-map-marker=https:\/\/www.agenziarossi.com\/wp-content\/uploads\/2024\/07\/home.png>\n            <div id=\"rhea-single-property-map-a464403\" class=\"rhea-single-property-map\"><\/div>\n\t\t\t        <\/div>\n\t\t\t\t<\/div>\n\t\t\t\t<\/div>\n\t\t\t\t\t<\/div>\n\t\t\t\t<\/div>\n\t\t<div class=\"elementor-element elementor-element-0fcbbe4 e-flex e-con-boxed e-con e-parent\" data-id=\"0fcbbe4\" data-element_type=\"container\">\n\t\t\t\t\t<div class=\"e-con-inner\">\n\t\t<div class=\"elementor-element elementor-element-9400d8f e-con-full e-flex e-con e-child\" data-id=\"9400d8f\" data-element_type=\"container\" data-settings=\"{&quot;background_background&quot;:&quot;classic&quot;}\">\n\t\t<div class=\"elementor-element elementor-element-0eae559 e-grid e-con-full e-con e-child\" data-id=\"0eae559\" data-element_type=\"container\">\n\t\t\t\t<div class=\"elementor-element elementor-element-6792437 elementor-view-default elementor-position-top elementor-mobile-position-top elementor-widget elementor-widget-icon-box\" data-id=\"6792437\" data-element_type=\"widget\" data-widget_type=\"icon-box.default\">\n\t\t\t\t<div class=\"elementor-widget-container\">\n\t\t\t\t\t<div class=\"elementor-icon-box-wrapper\">\n\n\t\t\t\t\t\t<div class=\"elementor-icon-box-icon\">\n\t\t\t\t<a href=\"tel:+390421299354\" class=\"elementor-icon elementor-animation-\" tabindex=\"-1\">\n\t\t\t\t<svg aria-hidden=\"true\" class=\"e-font-icon-svg e-fas-phone-alt\" viewBox=\"0 0 512 512\" xmlns=\"http:\/\/www.w3.org\/2000\/svg\"><path d=\"M497.39 361.8l-112-48a24 24 0 0 0-28 6.9l-49.6 60.6A370.66 370.66 0 0 1 130.6 204.11l60.6-49.6a23.94 23.94 0 0 0 6.9-28l-48-112A24.16 24.16 0 0 0 122.6.61l-104 24A24 24 0 0 0 0 48c0 256.5 207.9 464 464 464a24 24 0 0 0 23.4-18.6l24-104a24.29 24.29 0 0 0-14.01-27.6z\"><\/path><\/svg>\t\t\t\t<\/a>\n\t\t\t<\/div>\n\t\t\t\n\t\t\t\t\t\t<div class=\"elementor-icon-box-content\">\n\n\t\t\t\t\t\t\t\t\t<h3 class=\"elementor-icon-box-title\">\n\t\t\t\t\t\t<a href=\"tel:+390421299354\" >\n\t\t\t\t\t\t\tTelefon:\t\t\t\t\t\t<\/a>\n\t\t\t\t\t<\/h3>\n\t\t\t\t\n\t\t\t\t\t\t\t\t\t<p class=\"elementor-icon-box-description\">\n\t\t\t\t\t\t+39 0421 299354\t\t\t\t\t<\/p>\n\t\t\t\t\n\t\t\t<\/div>\n\t\t\t\n\t\t<\/div>\n\t\t\t\t<\/div>\n\t\t\t\t<\/div>\n\t\t\t\t<div class=\"elementor-element elementor-element-96c4f0a elementor-view-default elementor-position-top elementor-mobile-position-top elementor-widget elementor-widget-icon-box\" data-id=\"96c4f0a\" data-element_type=\"widget\" data-widget_type=\"icon-box.default\">\n\t\t\t\t<div class=\"elementor-widget-container\">\n\t\t\t\t\t<div class=\"elementor-icon-box-wrapper\">\n\n\t\t\t\t\t\t<div class=\"elementor-icon-box-icon\">\n\t\t\t\t<a href=\"mailto:agenzia@agenziarossi.com%20\" class=\"elementor-icon elementor-animation-\" tabindex=\"-1\">\n\t\t\t\t<svg aria-hidden=\"true\" class=\"e-font-icon-svg e-fas-envelope\" viewBox=\"0 0 512 512\" xmlns=\"http:\/\/www.w3.org\/2000\/svg\"><path d=\"M502.3 190.8c3.9-3.1 9.7-.2 9.7 4.7V400c0 26.5-21.5 48-48 48H48c-26.5 0-48-21.5-48-48V195.6c0-5 5.7-7.8 9.7-4.7 22.4 17.4 52.1 39.5 154.1 113.6 21.1 15.4 56.7 47.8 92.2 47.6 35.7.3 72-32.8 92.3-47.6 102-74.1 131.6-96.3 154-113.7zM256 320c23.2.4 56.6-29.2 73.4-41.4 132.7-96.3 142.8-104.7 173.4-128.7 5.8-4.5 9.2-11.5 9.2-18.9v-19c0-26.5-21.5-48-48-48H48C21.5 64 0 85.5 0 112v19c0 7.4 3.4 14.3 9.2 18.9 30.6 23.9 40.7 32.4 173.4 128.7 16.8 12.2 50.2 41.8 73.4 41.4z\"><\/path><\/svg>\t\t\t\t<\/a>\n\t\t\t<\/div>\n\t\t\t\n\t\t\t\t\t\t<div class=\"elementor-icon-box-content\">\n\n\t\t\t\t\t\t\t\t\t<h3 class=\"elementor-icon-box-title\">\n\t\t\t\t\t\t<a href=\"mailto:agenzia@agenziarossi.com%20\" >\n\t\t\t\t\t\t\tEmail Verkaufen:\t\t\t\t\t\t<\/a>\n\t\t\t\t\t<\/h3>\n\t\t\t\t\n\t\t\t\t\t\t\t\t\t<p class=\"elementor-icon-box-description\">\n\t\t\t\t\t\t agenzia@agenziarossi.com \t\t\t\t\t<\/p>\n\t\t\t\t\n\t\t\t<\/div>\n\t\t\t\n\t\t<\/div>\n\t\t\t\t<\/div>\n\t\t\t\t<\/div>\n\t\t\t\t<div class=\"elementor-element elementor-element-715cebd elementor-view-default elementor-position-top elementor-mobile-position-top elementor-widget elementor-widget-icon-box\" data-id=\"715cebd\" data-element_type=\"widget\" data-widget_type=\"icon-box.default\">\n\t\t\t\t<div class=\"elementor-widget-container\">\n\t\t\t\t\t<div class=\"elementor-icon-box-wrapper\">\n\n\t\t\t\t\t\t<div class=\"elementor-icon-box-icon\">\n\t\t\t\t<a href=\"mailto:agenzia@agenziarossi.com%20\" class=\"elementor-icon elementor-animation-\" tabindex=\"-1\">\n\t\t\t\t<svg aria-hidden=\"true\" class=\"e-font-icon-svg e-fas-envelope\" viewBox=\"0 0 512 512\" xmlns=\"http:\/\/www.w3.org\/2000\/svg\"><path d=\"M502.3 190.8c3.9-3.1 9.7-.2 9.7 4.7V400c0 26.5-21.5 48-48 48H48c-26.5 0-48-21.5-48-48V195.6c0-5 5.7-7.8 9.7-4.7 22.4 17.4 52.1 39.5 154.1 113.6 21.1 15.4 56.7 47.8 92.2 47.6 35.7.3 72-32.8 92.3-47.6 102-74.1 131.6-96.3 154-113.7zM256 320c23.2.4 56.6-29.2 73.4-41.4 132.7-96.3 142.8-104.7 173.4-128.7 5.8-4.5 9.2-11.5 9.2-18.9v-19c0-26.5-21.5-48-48-48H48C21.5 64 0 85.5 0 112v19c0 7.4 3.4 14.3 9.2 18.9 30.6 23.9 40.7 32.4 173.4 128.7 16.8 12.2 50.2 41.8 73.4 41.4z\"><\/path><\/svg>\t\t\t\t<\/a>\n\t\t\t<\/div>\n\t\t\t\n\t\t\t\t\t\t<div class=\"elementor-icon-box-content\">\n\n\t\t\t\t\t\t\t\t\t<h3 class=\"elementor-icon-box-title\">\n\t\t\t\t\t\t<a href=\"mailto:agenzia@agenziarossi.com%20\" >\n\t\t\t\t\t\t\tEmail Vermietungen:\t\t\t\t\t\t<\/a>\n\t\t\t\t\t<\/h3>\n\t\t\t\t\n\t\t\t\t\t\t\t\t\t<p class=\"elementor-icon-box-description\">\n\t\t\t\t\t\t agenzia@agenziarossi.com \t\t\t\t\t<\/p>\n\t\t\t\t\n\t\t\t<\/div>\n\t\t\t\n\t\t<\/div>\n\t\t\t\t<\/div>\n\t\t\t\t<\/div>\n\t\t\t\t<\/div>\n\t\t\t\t<\/div>\n\t\t\t\t\t<\/div>\n\t\t\t\t<\/div>\n\t\t<div class=\"elementor-element elementor-element-b2be642 e-flex e-con-boxed e-con e-parent\" data-id=\"b2be642\" data-element_type=\"container\">\n\t\t\t\t\t<div class=\"e-con-inner\">\n\t\t\t\t<div class=\"elementor-element elementor-element-32287b4 elementor-widget elementor-widget-heading\" data-id=\"32287b4\" data-element_type=\"widget\" data-widget_type=\"heading.default\">\n\t\t\t\t<div class=\"elementor-widget-container\">\n\t\t\t<h2 class=\"elementor-heading-title elementor-size-default\">Kontaktieren Sie uns<\/h2>\t\t<\/div>\n\t\t\t\t<\/div>\n\t\t\t\t<div class=\"elementor-element elementor-element-eb2ce5c elementor-widget elementor-widget-text-editor\" data-id=\"eb2ce5c\" data-element_type=\"widget\" data-widget_type=\"text-editor.default\">\n\t\t\t\t<div class=\"elementor-widget-container\">\n\t\t\t\t\t\t\t<p>Fordern Sie weitere Informationen an, indem Sie das folgende Formular ausf\u00fcllen.<\/p>\t\t\t\t\t\t<\/div>\n\t\t\t\t<\/div>\n\t\t\t\t<div class=\"elementor-element elementor-element-61cb636 elementor-widget elementor-widget-template\" data-id=\"61cb636\" data-element_type=\"widget\" data-widget_type=\"template.default\">\n\t\t\t\t<div class=\"elementor-widget-container\">\n\t\t\t\t\t<div class=\"elementor-template\">\n\t\t\t\t\t<div data-elementor-type=\"page\" data-elementor-id=\"9178\" class=\"elementor elementor-9178 elementor-9008\" data-elementor-post-type=\"elementor_library\">\n\t\t\t\t<div class=\"elementor-element elementor-element-4520402 e-con-full e-flex e-con e-child\" data-id=\"4520402\" data-element_type=\"container\" data-settings=\"{&quot;background_background&quot;:&quot;classic&quot;}\">\n\t\t\t\t<div class=\"elementor-element elementor-element-1ffc879 elementor-button-align-stretch elementor-widget elementor-widget-form\" data-id=\"1ffc879\" data-element_type=\"widget\" data-settings=\"{&quot;step_next_label&quot;:&quot;Successivo&quot;,&quot;step_previous_label&quot;:&quot;Precedente&quot;,&quot;button_width&quot;:&quot;100&quot;,&quot;step_type&quot;:&quot;number_text&quot;,&quot;step_icon_shape&quot;:&quot;circle&quot;}\" data-widget_type=\"form.default\">\n\t\t\t\t<div class=\"elementor-widget-container\">\n\t\t\t\t\t<form class=\"elementor-form\" method=\"post\" name=\"Nuovo modulo\">\n\t\t\t<input type=\"hidden\" name=\"post_id\" value=\"9178\"\/>\n\t\t\t<input type=\"hidden\" name=\"form_id\" value=\"1ffc879\"\/>\n\t\t\t<input type=\"hidden\" name=\"referer_title\" value=\"Reihenhaus Archivi - Agenzia Rossi\" \/>\n\n\t\t\t\n\t\t\t<div class=\"elementor-form-fields-wrapper elementor-labels-\">\n\t\t\t\t\t\t\t\t<div class=\"elementor-field-type-text elementor-field-group elementor-column elementor-field-group-name elementor-col-100 elementor-field-required\">\n\t\t\t\t\t\t\t\t\t\t\t\t<label for=\"form-field-name\" class=\"elementor-field-label elementor-screen-only\">\n\t\t\t\t\t\t\t\tName\t\t\t\t\t\t\t<\/label>\n\t\t\t\t\t\t\t\t\t\t\t\t\t\t<input size=\"1\" type=\"text\" name=\"form_fields[name]\" id=\"form-field-name\" class=\"elementor-field elementor-size-sm  elementor-field-textual\" placeholder=\"Name\" required=\"required\" aria-required=\"true\">\n\t\t\t\t\t\t\t\t\t\t\t<\/div>\n\t\t\t\t\t\t\t\t<div class=\"elementor-field-type-email elementor-field-group elementor-column elementor-field-group-email elementor-col-100 elementor-md-50 elementor-sm-50 elementor-field-required\">\n\t\t\t\t\t\t\t\t\t\t\t\t<label for=\"form-field-email\" class=\"elementor-field-label elementor-screen-only\">\n\t\t\t\t\t\t\t\tE-Mail\t\t\t\t\t\t\t<\/label>\n\t\t\t\t\t\t\t\t\t\t\t\t\t\t<input size=\"1\" type=\"email\" name=\"form_fields[email]\" id=\"form-field-email\" class=\"elementor-field elementor-size-sm  elementor-field-textual\" placeholder=\"E-Mail\" required=\"required\" aria-required=\"true\">\n\t\t\t\t\t\t\t\t\t\t\t<\/div>\n\t\t\t\t\t\t\t\t<div class=\"elementor-field-type-tel elementor-field-group elementor-column elementor-field-group-field_2ed48ca elementor-col-100 elementor-md-50 elementor-sm-50\">\n\t\t\t\t\t\t\t\t\t\t\t\t<label for=\"form-field-field_2ed48ca\" class=\"elementor-field-label elementor-screen-only\">\n\t\t\t\t\t\t\t\tTelefon\t\t\t\t\t\t\t<\/label>\n\t\t\t\t\t\t\t\t<input size=\"1\" type=\"tel\" name=\"form_fields[field_2ed48ca]\" id=\"form-field-field_2ed48ca\" class=\"elementor-field elementor-size-sm  elementor-field-textual\" placeholder=\"Telefon\" pattern=\"[0-9()#&amp;+*-=.]+\" title=\"Nur Nummern oder Telefon-Zeichen (#, -, *, etc) werden akzeptiert.\">\n\n\t\t\t\t\t\t<\/div>\n\t\t\t\t\t\t\t\t<div class=\"elementor-field-type-textarea elementor-field-group elementor-column elementor-field-group-message elementor-col-100\">\n\t\t\t\t\t\t\t\t\t\t\t\t<label for=\"form-field-message\" class=\"elementor-field-label elementor-screen-only\">\n\t\t\t\t\t\t\t\tNachricht\t\t\t\t\t\t\t<\/label>\n\t\t\t\t\t\t<textarea class=\"elementor-field-textual elementor-field  elementor-size-sm\" name=\"form_fields[message]\" id=\"form-field-message\" rows=\"4\" placeholder=\"Nachricht\"><\/textarea>\t\t\t\t<\/div>\n\t\t\t\t\t\t\t\t<div class=\"elementor-field-type-html elementor-field-group elementor-column elementor-field-group-field_603a4f2 elementor-col-100\">\n\t\t\t\t\t<b>Verarbeitung personenbezogener Daten (Datenschutz)<\/b>\t\t\t\t<\/div>\n\t\t\t\t\t\t\t\t<div class=\"elementor-field-type-acceptance elementor-field-group elementor-column elementor-field-group-field_37f8cf6 elementor-col-100 elementor-field-required\">\n\t\t\t\t\t\t\t<div class=\"elementor-field-subgroup\">\n\t\t\t<span class=\"elementor-field-option\">\n\t\t\t\t<input type=\"checkbox\" name=\"form_fields[field_37f8cf6]\" id=\"form-field-field_37f8cf6\" class=\"elementor-field elementor-size-sm  elementor-acceptance-field\" required=\"required\" aria-required=\"true\">\n\t\t\t\t<label for=\"form-field-field_37f8cf6\">Ich erkl\u00e4re, dass ich die INFORMATION <a href=\"https:\/\/www.agenziarossi.com\/de\/privacy-policy#form-contatti\" style=\"text-decoration:underline;\" target=\"_blank\">Datenschutzerkl\u00e4rung<\/a> gelesen und vollst\u00e4ndig verstanden habe, die mir vom Verantwortlichen f\u00fcr die Verarbeitung meiner personenbezogenen Daten zur Verf\u00fcgung gestellt wurde. Ich erkl\u00e4re au\u00dferdem, dass ich mir der rechtlichen Verantwortlichkeiten und Sanktionen f\u00fcr falsche Mitteilungen\/Erkl\u00e4rungen bewusst bin. In diesem Sinne entbinde ich den Verantwortlichen f\u00fcr die Verarbeitung von jeglicher Verantwortung hinsichtlich der Richtigkeit der oben eingegebenen Daten.<\/label>\t\t\t<\/span>\n\t\t<\/div>\n\t\t\t\t\t\t<\/div>\n\t\t\t\t\t\t\t\t<div class=\"elementor-field-group elementor-column elementor-field-type-submit elementor-col-100 e-form__buttons\">\n\t\t\t\t\t<button class=\"elementor-button elementor-size-sm\" type=\"submit\">\n\t\t\t\t\t\t<span class=\"elementor-button-content-wrapper\">\n\t\t\t\t\t\t\t\t\t\t\t\t\t\t\t\t\t\t\t\t\t\t<span class=\"elementor-button-text\">Schicken<\/span>\n\t\t\t\t\t\t\t\t\t\t\t\t\t<\/span>\n\t\t\t\t\t<\/button>\n\t\t\t\t<\/div>\n\t\t\t<\/div>\n\t\t<\/form>\n\t\t\t\t<\/div>\n\t\t\t\t<\/div>\n\t\t\t\t<\/div>\n\t\t\t\t<\/div>\n\t\t\t\t<\/div>\n\t\t\t\t<\/div>\n\t\t\t\t<\/div>\n\t\t\t\t\t<\/div>\n\t\t\t\t<\/div>\n\t\t\t\t<\/div>\n\t\t","protected":false},"excerpt":{"rendered":"<p>\u00a0 Telefon: +39 0421 299354 \u00a0 Email Verkaufen: agenzia@agenziarossi.com \u00a0 Email Vermietungen: agenzia@agenziarossi.com Kontaktieren Sie uns Fordern Sie weitere Informationen an, indem Sie das folgende Formular ausf\u00fcllen.<\/p>\n","protected":false},"author":1,"featured_media":0,"parent":0,"menu_order":0,"comment_status":"closed","ping_status":"closed","template":"elementor_header_footer","meta":{"footnotes":""},"class_list":["post-9352","page","type-page","status-publish","hentry"],"yoast_head":"<!-- This site is optimized with the Yoast SEO plugin v23.7 - https:\/\/yoast.com\/wordpress\/plugins\/seo\/ -->\n<title>Kontakte | Agenzia Rossi Immobilienagentur<\/title>\n<meta name=\"description\" content=\"Z\u00f6gern Sie nicht, uns bei Fragen zu kontaktieren; das Personal unserer Agentur steht Ihnen zur Verf\u00fcgung.\" \/>\n<meta name=\"robots\" content=\"index, follow, max-snippet:-1, max-image-preview:large, max-video-preview:-1\" \/>\n<link rel=\"canonical\" href=\"https:\/\/www.agenziarossi.com\/de\/kontakte\/\" \/>\n<meta property=\"og:locale\" content=\"de_DE\" \/>\n<meta property=\"og:type\" content=\"article\" \/>\n<meta property=\"og:title\" content=\"Kontakte | Agenzia Rossi Immobilienagentur\" \/>\n<meta property=\"og:description\" content=\"Z\u00f6gern Sie nicht, uns bei Fragen zu kontaktieren; das Personal unserer Agentur steht Ihnen zur Verf\u00fcgung.\" \/>\n<meta property=\"og:url\" content=\"https:\/\/www.agenziarossi.com\/de\/kontakte\/\" \/>\n<meta property=\"og:site_name\" content=\"Agenzia Rossi\" \/>\n<meta property=\"article:modified_time\" content=\"2024-10-21T10:29:56+00:00\" \/>\n<meta name=\"twitter:card\" content=\"summary_large_image\" \/>\n<meta name=\"twitter:label1\" content=\"Gesch\u00e4tzte Lesezeit\" \/>\n\t<meta name=\"twitter:data1\" content=\"1\u00a0Minute\" \/>\n<script type=\"application\/ld+json\" class=\"yoast-schema-graph\">{\"@context\":\"https:\/\/schema.org\",\"@graph\":[{\"@type\":\"WebPage\",\"@id\":\"https:\/\/www.agenziarossi.com\/de\/kontakte\/\",\"url\":\"https:\/\/www.agenziarossi.com\/de\/kontakte\/\",\"name\":\"Kontakte | Agenzia Rossi Immobilienagentur\",\"isPartOf\":{\"@id\":\"https:\/\/www.agenziarossi.com\/de\/#website\"},\"datePublished\":\"2019-06-23T23:26:14+00:00\",\"dateModified\":\"2024-10-21T10:29:56+00:00\",\"description\":\"Z\u00f6gern Sie nicht, uns bei Fragen zu kontaktieren; das Personal unserer Agentur steht Ihnen zur Verf\u00fcgung.\",\"breadcrumb\":{\"@id\":\"https:\/\/www.agenziarossi.com\/de\/kontakte\/#breadcrumb\"},\"inLanguage\":\"de\",\"potentialAction\":[{\"@type\":\"ReadAction\",\"target\":[\"https:\/\/www.agenziarossi.com\/de\/kontakte\/\"]}]},{\"@type\":\"BreadcrumbList\",\"@id\":\"https:\/\/www.agenziarossi.com\/de\/kontakte\/#breadcrumb\",\"itemListElement\":[{\"@type\":\"ListItem\",\"position\":1,\"name\":\"Home\",\"item\":\"https:\/\/www.agenziarossi.com\/de\/\"},{\"@type\":\"ListItem\",\"position\":2,\"name\":\"Kontakte\"}]},{\"@type\":\"WebSite\",\"@id\":\"https:\/\/www.agenziarossi.com\/de\/#website\",\"url\":\"https:\/\/www.agenziarossi.com\/de\/\",\"name\":\"Agenzia Rossi\",\"description\":\"Affittanze e Compravendite Caorle  | Agenzia Immobiliare Rossi\",\"publisher\":{\"@id\":\"https:\/\/www.agenziarossi.com\/de\/#organization\"},\"potentialAction\":[{\"@type\":\"SearchAction\",\"target\":{\"@type\":\"EntryPoint\",\"urlTemplate\":\"https:\/\/www.agenziarossi.com\/de\/?s={search_term_string}\"},\"query-input\":{\"@type\":\"PropertyValueSpecification\",\"valueRequired\":true,\"valueName\":\"search_term_string\"}}],\"inLanguage\":\"de\"},{\"@type\":\"Organization\",\"@id\":\"https:\/\/www.agenziarossi.com\/de\/#organization\",\"name\":\"Agenzia Rossi\",\"url\":\"https:\/\/www.agenziarossi.com\/de\/\",\"logo\":{\"@type\":\"ImageObject\",\"inLanguage\":\"de\",\"@id\":\"https:\/\/www.agenziarossi.com\/de\/#\/schema\/logo\/image\/\",\"url\":\"https:\/\/www.agenziarossi.com\/wp-content\/uploads\/2024\/07\/1-agenzia-rossi-logo-def.png\",\"contentUrl\":\"https:\/\/www.agenziarossi.com\/wp-content\/uploads\/2024\/07\/1-agenzia-rossi-logo-def.png\",\"width\":600,\"height\":135,\"caption\":\"Agenzia Rossi\"},\"image\":{\"@id\":\"https:\/\/www.agenziarossi.com\/de\/#\/schema\/logo\/image\/\"}}]}<\/script>\n<!-- \/ Yoast SEO plugin. -->","yoast_head_json":{"title":"Kontakte | Agenzia Rossi Immobilienagentur","description":"Z\u00f6gern Sie nicht, uns bei Fragen zu kontaktieren; das Personal unserer Agentur steht Ihnen zur Verf\u00fcgung.","robots":{"index":"index","follow":"follow","max-snippet":"max-snippet:-1","max-image-preview":"max-image-preview:large","max-video-preview":"max-video-preview:-1"},"canonical":"https:\/\/www.agenziarossi.com\/de\/kontakte\/","og_locale":"de_DE","og_type":"article","og_title":"Kontakte | Agenzia Rossi Immobilienagentur","og_description":"Z\u00f6gern Sie nicht, uns bei Fragen zu kontaktieren; das Personal unserer Agentur steht Ihnen zur Verf\u00fcgung.","og_url":"https:\/\/www.agenziarossi.com\/de\/kontakte\/","og_site_name":"Agenzia Rossi","article_modified_time":"2024-10-21T10:29:56+00:00","twitter_card":"summary_large_image","twitter_misc":{"Gesch\u00e4tzte Lesezeit":"1\u00a0Minute"},"schema":{"@context":"https:\/\/schema.org","@graph":[{"@type":"WebPage","@id":"https:\/\/www.agenziarossi.com\/de\/kontakte\/","url":"https:\/\/www.agenziarossi.com\/de\/kontakte\/","name":"Kontakte | Agenzia Rossi Immobilienagentur","isPartOf":{"@id":"https:\/\/www.agenziarossi.com\/de\/#website"},"datePublished":"2019-06-23T23:26:14+00:00","dateModified":"2024-10-21T10:29:56+00:00","description":"Z\u00f6gern Sie nicht, uns bei Fragen zu kontaktieren; das Personal unserer Agentur steht Ihnen zur Verf\u00fcgung.","breadcrumb":{"@id":"https:\/\/www.agenziarossi.com\/de\/kontakte\/#breadcrumb"},"inLanguage":"de","potentialAction":[{"@type":"ReadAction","target":["https:\/\/www.agenziarossi.com\/de\/kontakte\/"]}]},{"@type":"BreadcrumbList","@id":"https:\/\/www.agenziarossi.com\/de\/kontakte\/#breadcrumb","itemListElement":[{"@type":"ListItem","position":1,"name":"Home","item":"https:\/\/www.agenziarossi.com\/de\/"},{"@type":"ListItem","position":2,"name":"Kontakte"}]},{"@type":"WebSite","@id":"https:\/\/www.agenziarossi.com\/de\/#website","url":"https:\/\/www.agenziarossi.com\/de\/","name":"Agenzia Rossi","description":"Affittanze e Compravendite Caorle  | Agenzia Immobiliare Rossi","publisher":{"@id":"https:\/\/www.agenziarossi.com\/de\/#organization"},"potentialAction":[{"@type":"SearchAction","target":{"@type":"EntryPoint","urlTemplate":"https:\/\/www.agenziarossi.com\/de\/?s={search_term_string}"},"query-input":{"@type":"PropertyValueSpecification","valueRequired":true,"valueName":"search_term_string"}}],"inLanguage":"de"},{"@type":"Organization","@id":"https:\/\/www.agenziarossi.com\/de\/#organization","name":"Agenzia Rossi","url":"https:\/\/www.agenziarossi.com\/de\/","logo":{"@type":"ImageObject","inLanguage":"de","@id":"https:\/\/www.agenziarossi.com\/de\/#\/schema\/logo\/image\/","url":"https:\/\/www.agenziarossi.com\/wp-content\/uploads\/2024\/07\/1-agenzia-rossi-logo-def.png","contentUrl":"https:\/\/www.agenziarossi.com\/wp-content\/uploads\/2024\/07\/1-agenzia-rossi-logo-def.png","width":600,"height":135,"caption":"Agenzia Rossi"},"image":{"@id":"https:\/\/www.agenziarossi.com\/de\/#\/schema\/logo\/image\/"}}]}},"_links":{"self":[{"href":"https:\/\/www.agenziarossi.com\/de\/wp-json\/wp\/v2\/pages\/9352","targetHints":{"allow":["GET"]}}],"collection":[{"href":"https:\/\/www.agenziarossi.com\/de\/wp-json\/wp\/v2\/pages"}],"about":[{"href":"https:\/\/www.agenziarossi.com\/de\/wp-json\/wp\/v2\/types\/page"}],"author":[{"embeddable":true,"href":"https:\/\/www.agenziarossi.com\/de\/wp-json\/wp\/v2\/users\/1"}],"replies":[{"embeddable":true,"href":"https:\/\/www.agenziarossi.com\/de\/wp-json\/wp\/v2\/comments?post=9352"}],"version-history":[{"count":6,"href":"https:\/\/www.agenziarossi.com\/de\/wp-json\/wp\/v2\/pages\/9352\/revisions"}],"predecessor-version":[{"id":11155,"href":"https:\/\/www.agenziarossi.com\/de\/wp-json\/wp\/v2\/pages\/9352\/revisions\/11155"}],"wp:attachment":[{"href":"https:\/\/www.agenziarossi.com\/de\/wp-json\/wp\/v2\/media?parent=9352"}],"curies":[{"name":"wp","href":"https:\/\/api.w.org\/{rel}","templated":true}]}}